{"id":114,"date":"2023-08-20T12:09:00","date_gmt":"2023-08-20T10:09:00","guid":{"rendered":"https:\/\/factos.fr\/?page_id=114"},"modified":"2025-06-02T08:10:50","modified_gmt":"2025-06-02T06:10:50","slug":"onedaylab","status":"publish","type":"page","link":"https:\/\/onedaylab.fr\/","title":{"rendered":"OneDayLab"},"content":{"rendered":"\n<div class=\"wp-block-media-text is-stacked-on-mobile\" style=\"grid-template-columns:23% auto\"><figure class=\"wp-block-media-text__media\"><img loading=\"lazy\" decoding=\"async\" width=\"1024\" height=\"1024\" src=\"http:\/\/onedaylab.fr\/wp-content\/uploads\/2025\/06\/LOGO-OneDaylab-seul-1024x1024.png\" alt=\"\" class=\"wp-image-893 size-full\" srcset=\"https:\/\/onedaylab.fr\/wp-content\/uploads\/2025\/06\/LOGO-OneDaylab-seul-1024x1024.png 1024w, https:\/\/onedaylab.fr\/wp-content\/uploads\/2025\/06\/LOGO-OneDaylab-seul-300x300.png 300w, https:\/\/onedaylab.fr\/wp-content\/uploads\/2025\/06\/LOGO-OneDaylab-seul-150x150.png 150w, https:\/\/onedaylab.fr\/wp-content\/uploads\/2025\/06\/LOGO-OneDaylab-seul-768x768.png 768w, https:\/\/onedaylab.fr\/wp-content\/uploads\/2025\/06\/LOGO-OneDaylab-seul.png 1308w\" sizes=\"auto, (max-width: 1024px) 100vw, 1024px\" \/><\/figure><div class=\"wp-block-media-text__content\">\n<h1 class=\"wp-block-heading\"><strong>OneDayLab by FACTOS<\/strong><br>Un jour pour structurer, d\u00e9cider, avancer.<\/h1>\n<\/div><\/div>\n\n\n\n<h2 class=\"wp-block-heading\"><strong><mark style=\"background-color:rgba(0, 0, 0, 0)\" class=\"has-inline-color has-vivid-purple-color\"><strong>La r\u00e9ponse agile \u00e0 vos enjeux strat\u00e9giques et op\u00e9rationnels<\/strong><\/mark><\/strong><\/h2>\n\n\n\n<p>Dans un monde qui bouge vite, les entreprises et les \u00e9quipes font face \u00e0 des enjeux complexes\u202f:<\/p>\n\n\n\n<ul class=\"wp-block-list\">\n<li>Trop de priorit\u00e9s, <strong>pas assez de clart\u00e9<\/strong>.<\/li>\n\n\n\n<li>Des id\u00e9es, des projets\u2026 mais des plans d\u2019action qui n\u2019aboutissent pas.<\/li>\n\n\n\n<li>Une <strong>exigence de r\u00e9sultats<\/strong>, de coh\u00e9rence, de sens.<\/li>\n\n\n\n<li>Et surtout, un <strong>besoin de mobiliser<\/strong> tout le monde <strong>sans perdre de temps<\/strong> ni d\u2019\u00e9nergie.<\/li>\n<\/ul>\n\n\n\n<p>Vous n\u2019avez pas besoin d\u2019un diagnostic passif ni d\u2019un rapport de 50 pages.<br>Vous avez besoin d\u2019un moment pour trancher, clarifier et structurer \u2013 pour avancer vite, et bien.<br>Et pour transformer vos id\u00e9es en r\u00e9sultats concrets, avec un impact imm\u00e9diat.<\/p>\n\n\n\n<h2 class=\"wp-block-heading\"><strong><mark style=\"background-color:rgba(0, 0, 0, 0)\" class=\"has-inline-color has-vivid-purple-color\">Pourquoi j\u2019ai cr\u00e9\u00e9 Onedaylab<\/mark><\/strong><\/h2>\n\n\n\n<div class=\"wp-block-media-text has-media-on-the-right is-stacked-on-mobile\" style=\"grid-template-columns:auto 27%\"><div class=\"wp-block-media-text__content\">\n<p><br>Depuis des ann\u00e9es, j\u2019accompagne des dirigeants, des \u00e9quipes et des porteurs de projet pour clarifier leurs enjeux et structurer leurs ambitions.<br>J\u2019ai vu que beaucoup avaient <strong>besoin d\u2019un temps court<\/strong>, concentr\u00e9, pour avancer sur un point pr\u00e9cis \u2013 sans s\u2019enfermer dans de grands sch\u00e9mas th\u00e9oriques.<\/p>\n\n\n\n<p>C\u2019est pour \u00e7a que j\u2019ai cr\u00e9\u00e9 Onedaylab\u202f: des ateliers d\u2019une journ\u00e9e pour<strong> couper le bruit, identifier l\u2019essentiel et repartir avec un plan d\u2019action activable<\/strong> d\u00e8s le lendemain.<br>Pas de diagnostic long, pas de recette magique\u202f: une journ\u00e9e de co-construction et de mise en mouvement, dans votre contexte, \u00e0 votre rythme.<\/p>\n<\/div><figure class=\"wp-block-media-text__media\"><img loading=\"lazy\" decoding=\"async\" width=\"642\" height=\"720\" src=\"http:\/\/onedaylab.fr\/wp-content\/uploads\/2025\/06\/OneDayLab.png\" alt=\"\" class=\"wp-image-913 size-full\" srcset=\"https:\/\/onedaylab.fr\/wp-content\/uploads\/2025\/06\/OneDayLab.png 642w, https:\/\/onedaylab.fr\/wp-content\/uploads\/2025\/06\/OneDayLab-268x300.png 268w\" sizes=\"auto, (max-width: 642px) 100vw, 642px\" \/><\/figure><\/div>\n\n\n\n<h2 class=\"wp-block-heading\"><br><strong><mark style=\"background-color:rgba(0, 0, 0, 0)\" class=\"has-inline-color has-vivid-purple-color\">Les 8 ateliers pour avancer vite et bien<\/mark><\/strong><\/h2>\n\n\n\n<figure class=\"wp-block-table\"><table class=\"has-fixed-layout\"><tbody><tr><td><strong><mark style=\"background-color:rgba(0, 0, 0, 0)\" class=\"has-inline-color has-vivid-purple-color\">BUSINESS<\/mark><\/strong><\/td><\/tr><tr><td><strong><mark style=\"background-color:rgba(0, 0, 0, 0)\" class=\"has-inline-color has-black-color\">De l\u2019id\u00e9e \u00e0 l\u2019offre \u2013 Business Model &amp; proposition diff\u00e9renciante<\/mark><\/strong><br>Structurez une offre claire, d\u00e9sirable et parfaitement align\u00e9e avec vos clients.<\/td><\/tr><tr><td><strong><mark style=\"background-color:rgba(0, 0, 0, 0)\" class=\"has-inline-color has-black-color\">Go Global \u2013 Strat\u00e9gie d\u2019expansion internationale<\/mark><\/strong><br>Identifiez vos march\u00e9s, vos relais locaux et votre trajectoire de croissance.<\/td><\/tr><tr><td><strong><mark style=\"background-color:rgba(0, 0, 0, 0)\" class=\"has-inline-color has-black-color\">R\u00e9pondre aux Appels d\u2019Offres publics \u2013 Votre voix, votre impact<\/mark><\/strong><br>Passez d\u2019une r\u00e9ponse subie \u00e0 une r\u00e9ponse cr\u00e9dible et strat\u00e9gique.<\/td><\/tr><tr><td><strong><mark style=\"background-color:rgba(0, 0, 0, 0)\" class=\"has-inline-color has-vivid-purple-color\">DIGITAL<\/mark><\/strong><\/td><\/tr><tr><td><strong><mark style=\"background-color:rgba(0, 0, 0, 0)\" class=\"has-inline-color has-black-color\">Transformation digitale &amp; repositionnement \u2013 Repenser son offre face au changement<\/mark><\/strong><br>Basculez vos contraintes en leviers pour renforcer votre impact.<\/td><\/tr><tr><td><strong><mark style=\"background-color:rgba(0, 0, 0, 0)\" class=\"has-inline-color has-black-color\">Gouvernance data &amp; business \u2013 Le cha\u00eenon manquant<\/mark><\/strong><br>Clarifiez vos enjeux data et transformez-les en levier de performance.<\/td><\/tr><tr><td><strong><mark style=\"background-color:rgba(0, 0, 0, 0)\" class=\"has-inline-color has-black-color\">IA au service du business \u2013 Structurer vos usages IA<\/mark><\/strong><br>Clarifiez vos usages IA, exp\u00e9rimentez et repartez avec un plan d\u2019action clair.<\/td><\/tr><tr><td><strong><mark style=\"background-color:rgba(0, 0, 0, 0)\" class=\"has-inline-color has-vivid-purple-color\">LEADERSHIP<\/mark><\/strong><\/td><\/tr><tr><td><strong><mark style=\"background-color:rgba(0, 0, 0, 0)\" class=\"has-inline-color has-black-color\">R\u00e9silience &amp; accompagnement au changement \u2013 Mener les transitions avec s\u00e9r\u00e9nit\u00e9<\/mark><\/strong><br>Mobilisez et accompagnez vos \u00e9quipes dans les transformations.<\/td><\/tr><tr><td><strong><mark style=\"background-color:rgba(0, 0, 0, 0)\" class=\"has-inline-color has-black-color\">Leadership inclusif \u2013 Manager la diversit\u00e9 et l\u2019\u00e9quit\u00e9<\/mark><\/strong><br>Faites \u00e9merger toutes les voix et cr\u00e9ez un climat propice \u00e0 l\u2019engagement.<\/td><\/tr><\/tbody><\/table><\/figure>\n\n\n\n<h2 class=\"wp-block-heading\"><strong><mark style=\"background-color:rgba(0, 0, 0, 0)\" class=\"has-inline-color has-vivid-purple-color\">Format et livrables<\/mark><\/strong><\/h2>\n\n\n\n<p>Chaque atelier OneDaylab dure 1 journ\u00e9e (6 \u00e0 7 heures), en pr\u00e9sentiel ou en visio.<br>\ud83d\udc49 Vous repartez avec un <strong>plan d\u2019action concret et activable imm\u00e9diatement<\/strong>.<br>\ud83d\udc49 Un livrable synth\u00e9tique r\u00e9sume les points cl\u00e9s, les priorit\u00e9s et les prochaines \u00e9tapes.<br>\ud83d\udc49 Et surtout, un \u00e9lan pour avancer avec confiance et coh\u00e9rence.<\/p>\n\n\n\n<h2 class=\"wp-block-heading\"><strong><mark style=\"background-color:rgba(0, 0, 0, 0)\" class=\"has-inline-color has-vivid-purple-color\">Mon expertise, vos solutions<\/mark><\/strong><\/h2>\n\n\n\n<div class=\"wp-block-media-text is-stacked-on-mobile\" style=\"grid-template-columns:23% auto\"><figure class=\"wp-block-media-text__media\"><img loading=\"lazy\" decoding=\"async\" width=\"613\" height=\"824\" src=\"http:\/\/onedaylab.fr\/wp-content\/uploads\/2025\/06\/OneDayLabmoi.png\" alt=\"\" class=\"wp-image-915 size-full\" srcset=\"https:\/\/onedaylab.fr\/wp-content\/uploads\/2025\/06\/OneDayLabmoi.png 613w, https:\/\/onedaylab.fr\/wp-content\/uploads\/2025\/06\/OneDayLabmoi-223x300.png 223w\" sizes=\"auto, (max-width: 613px) 100vw, 613px\" \/><\/figure><div class=\"wp-block-media-text__content\">\n<p><br>Depuis 20 ans, j\u2019accompagne dirigeants et \u00e9quipes dans leurs transformations\u202f: strat\u00e9gie, data, internationalisation, marketing. Avec <a href=\"https:\/\/factos.fr\/\"><strong><mark style=\"background-color:rgba(0, 0, 0, 0)\" class=\"has-inline-color has-vivid-purple-color\">FACTOS<\/mark><\/strong><\/a>, j\u2019ai d\u00e9velopp\u00e9 une approche sur-mesure pour relier vision et op\u00e9rationnel, clarifier les enjeux et structurer des solutions activables rapidement.<\/p>\n\n\n\n<p>Cette double expertise \u2013 strat\u00e9gique et op\u00e9rationnelle \u2013 me permet aujourd\u2019hui d\u2019identifier les leviers concrets pour avancer, dans un esprit de co-construction et de performance.<\/p>\n<\/div><\/div>\n\n\n\n<h2 class=\"wp-block-heading\"><br><mark style=\"background-color:rgba(0, 0, 0, 0)\" class=\"has-inline-color has-vivid-purple-color\"><strong>Exp\u00e9riences Clients<\/strong><\/mark><\/h2>\n\n\n\n<figure class=\"wp-block-table\"><table class=\"has-fixed-layout\"><tbody><tr><td class=\"has-text-align-center\" data-align=\"center\"><mark style=\"background-color:rgba(0, 0, 0, 0);color:#500892\" class=\"has-inline-color\"><mark style=\"background-color:rgba(0, 0, 0, 0);color:#500892\" class=\"has-inline-color\"><em>\u00ab\u00a0Yoann est toujours motiv\u00e9 pour partager ses connaissances. Il sait \u00e9couter avec attention et empathie. Sa mani\u00e8re exceptionnelle d\u2019encourager chacun, m\u00eame en p\u00e9riode de stress, est admirable.\u00a0\u00bb<\/em><br><em><strong>M. Thome, Consultante &#8211; Freudenberg Performance Materials<\/strong><\/em><\/mark><\/mark><\/td><\/tr><\/tbody><\/table><\/figure>\n\n\n\n<figure class=\"wp-block-table\"><table class=\"has-fixed-layout\"><tbody><tr><td class=\"has-text-align-center\" data-align=\"center\"><mark style=\"background-color:rgba(0, 0, 0, 0);color:#500892\" class=\"has-inline-color\"><em>\u00ab\u00a0Les comp\u00e9tences et les connaissances impressionnantes de Yoann ont permis \u00e0 de grands projets de d\u00e9veloppement commercial et technologique d&rsquo;\u00eatre possibles puis ex\u00e9cut\u00e9s \u00e0 l&rsquo;international. Mais ce qui le d\u00e9finit vraiment, c&rsquo;est son attitude. Elle est typique d&rsquo;un leader. Sa capacit\u00e9 \u00e0 rassembler les gens, \u00e0 les motiver et \u00e0 les encourager, ses talents de n\u00e9gociateur, tout cela force l&rsquo;admiration.\u00a0\u00bb<\/em> <br><strong><em>A. Ramirez, Chief Marketing Officer &#8211; Grupo Alava<\/em><\/strong><\/mark><\/td><\/tr><\/tbody><\/table><\/figure>\n\n\n\n<figure class=\"wp-block-table is-style-regular\"><table class=\"has-black-color has-text-color has-link-color has-fixed-layout\"><tbody><tr><td class=\"has-text-align-center\" data-align=\"center\"><mark style=\"background-color: rgba(0, 0, 0, 0);\" class=\"has-inline-color\"><em style=\"color: rgb(80, 8, 146);\">\u00ab\u00a0Yoann nous a <\/em><\/mark><em><mark style=\"background-color:rgba(0, 0, 0, 0);color:#500892\" class=\"has-inline-color\">accompagn\u00e9 dans le positionnement strat\u00e9gique de notre offre de formation. Il a fait preuve d&rsquo;une tr\u00e8s grande \u00e9coute et d\u2019une capacit\u00e9 d\u2019analyse pointue. Il a su proposer des recommandations claires, op\u00e9rationnelles et efficaces.\u00a0\u00bb<\/mark><br><mark style=\"background-color:rgba(0, 0, 0, 0);color:#500892\" class=\"has-inline-color\"><strong>J.-P. Vacheron, Directeur P\u00e9dagogique &#8211; ENSup<\/strong><\/mark><\/em><\/td><\/tr><\/tbody><\/table><\/figure>\n\n\n\n<figure class=\"wp-block-table is-style-regular\"><table class=\"has-fixed-layout\"><tbody><tr><td class=\"has-text-align-center\" data-align=\"center\"><mark style=\"background-color:rgba(0, 0, 0, 0);color:#500892\" class=\"has-inline-color\"><mark style=\"background-color:rgba(0, 0, 0, 0);color:#500892\" class=\"has-inline-color\"><em>Yoann est \u00e0 la pointe du leadership, du coaching et de la strat\u00e9gie. Travailler dans le monde de l&rsquo;IT est un d\u00e9fi, et il m&rsquo;a aid\u00e9 \u00e0 m&rsquo;\u00e9panouir.\u00a0\u00bb<\/em> <br><strong><em>J. Sponar, Charg\u00e9 de Partenariat Strat\u00e9gique Microsoft<\/em> &#8211; <em>Konica Minolta<\/em><\/strong><\/mark><\/mark><\/td><\/tr><\/tbody><\/table><\/figure>\n\n\n\n<h2 class=\"wp-block-heading\"><strong><mark style=\"background-color:rgba(0, 0, 0, 0)\" class=\"has-inline-color has-vivid-purple-color\">Tarifs et options<\/mark><\/strong><\/h2>\n\n\n\n<p>\ud83d\udc49 <strong>En pr\u00e9sentiel<\/strong> : 1\u202f300\u202f\u20ac HT \/ journ\u00e9e (hors frais de d\u00e9placement)<br>\ud83d\udc49 <strong>En visio<\/strong> : 1\u202f000\u202f\u20ac HT \/ journ\u00e9e<br>\ud83d\udc49 <strong>Options sur demande<\/strong> :<br>\u2022 Entretiens pr\u00e9paratoires (1h) et personnalisation de l&rsquo;atelier : +300\u202f\u20ac HT<br>\u2022 Suivi post-atelier (1h) : +200\u202f\u20ac HT<br>\u2022 Livrable enrichi (plan d\u00e9taill\u00e9) : +1\u202f000\u202f\u20ac HT<\/p>\n\n\n\n<h2 class=\"wp-block-heading\"><strong><mark style=\"background-color:rgba(0, 0, 0, 0)\" class=\"has-inline-color has-vivid-purple-color\">Pr\u00eat \u00e0 clarifier et activer vos enjeux\u202f?<\/mark><\/strong><\/h2>\n\n\n\n<figure class=\"wp-block-table is-style-regular\"><table class=\"has-white-background-color has-background has-fixed-layout\"><tbody><tr><td class=\"has-text-align-center\" data-align=\"center\"><strong><a href=\"https:\/\/factos.fr\/se-rencontrer\/\"><mark style=\"background-color:rgba(0, 0, 0, 0)\" class=\"has-inline-color has-vivid-purple-color\">PRENONS UN MOMENT<\/mark><\/a> <\/strong><br><strong><mark style=\"background-color:rgba(0, 0, 0, 0)\" class=\"has-inline-color has-vivid-purple-color\">d\u00e8s aujourd&rsquo;hui pour identifier vos priorit\u00e9s, et voir si un Onedaylab est la bonne solution pour vous.<\/mark><\/strong><\/td><\/tr><\/tbody><\/table><\/figure>\n\n\n\n<p>Ces ateliers sont l\u00e0 pour vous aider \u00e0 avancer, sans perte de temps, et avec une clart\u00e9 qui change tout.<\/p>\n\n\n\n<figure class=\"wp-block-gallery has-nested-images columns-8 wp-block-gallery-1 is-layout-flex wp-block-gallery-is-layout-flex\">\n<figure class=\"wp-block-image size-large\"><img loading=\"lazy\" decoding=\"async\" width=\"116\" height=\"113\" data-id=\"287\" src=\"https:\/\/factos.fr\/wp-content\/uploads\/2024\/05\/logoUnilasalle.png\" alt=\"\" class=\"wp-image-287\"\/><\/figure>\n\n\n\n<figure class=\"wp-block-image size-full\"><img loading=\"lazy\" decoding=\"async\" width=\"116\" height=\"113\" data-id=\"279\" src=\"https:\/\/factos.fr\/wp-content\/uploads\/2024\/05\/logoMissenart.png\" alt=\"\" class=\"wp-image-279\"\/><\/figure>\n\n\n\n<figure class=\"wp-block-image size-full is-style-default\"><img loading=\"lazy\" decoding=\"async\" width=\"116\" height=\"113\" data-id=\"308\" src=\"https:\/\/factos.fr\/wp-content\/uploads\/2024\/05\/logoLeTanneur-2.png\" alt=\"\" class=\"wp-image-308\"\/><\/figure>\n\n\n\n<figure class=\"wp-block-image size-full\"><img loading=\"lazy\" decoding=\"async\" width=\"116\" height=\"113\" data-id=\"337\" src=\"https:\/\/factos.fr\/wp-content\/uploads\/2024\/05\/logoLaProvidence-1.png\" alt=\"\" class=\"wp-image-337\"\/><\/figure>\n\n\n\n<figure class=\"wp-block-image size-full\"><img loading=\"lazy\" decoding=\"async\" width=\"116\" height=\"113\" data-id=\"272\" src=\"https:\/\/factos.fr\/wp-content\/uploads\/2024\/05\/logoIESEG.png\" alt=\"\" class=\"wp-image-272\"\/><\/figure>\n\n\n\n<figure class=\"wp-block-image size-full\"><img loading=\"lazy\" decoding=\"async\" width=\"116\" height=\"113\" data-id=\"315\" src=\"https:\/\/factos.fr\/wp-content\/uploads\/2024\/05\/logoIKEA-1.png\" alt=\"\" class=\"wp-image-315\"\/><\/figure>\n\n\n\n<figure class=\"wp-block-image size-full\"><img loading=\"lazy\" decoding=\"async\" width=\"116\" height=\"113\" data-id=\"318\" src=\"https:\/\/factos.fr\/wp-content\/uploads\/2024\/05\/logoAmiensMetro-1.png\" alt=\"\" class=\"wp-image-318\"\/><\/figure>\n\n\n\n<figure class=\"wp-block-image size-full is-style-default\"><img loading=\"lazy\" decoding=\"async\" width=\"116\" height=\"113\" data-id=\"307\" src=\"https:\/\/factos.fr\/wp-content\/uploads\/2024\/05\/logoCDSomme-1.png\" alt=\"\" class=\"wp-image-307\"\/><\/figure>\n\n\n\n<figure class=\"wp-block-image size-large\"><img loading=\"lazy\" decoding=\"async\" width=\"116\" height=\"113\" data-id=\"363\" src=\"https:\/\/factos.fr\/wp-content\/uploads\/2024\/06\/LogoUniHA.png\" alt=\"\" class=\"wp-image-363\"\/><\/figure>\n\n\n\n<figure class=\"wp-block-image size-full\"><img loading=\"lazy\" decoding=\"async\" width=\"116\" height=\"113\" data-id=\"311\" src=\"https:\/\/factos.fr\/wp-content\/uploads\/2024\/05\/logoStudio361-1.png\" alt=\"\" class=\"wp-image-311\"\/><\/figure>\n\n\n\n<figure class=\"wp-block-image size-full\"><img loading=\"lazy\" decoding=\"async\" width=\"116\" height=\"113\" data-id=\"271\" src=\"https:\/\/factos.fr\/wp-content\/uploads\/2024\/05\/logoQatar.png\" alt=\"\" class=\"wp-image-271\"\/><\/figure>\n\n\n\n<figure class=\"wp-block-image size-full\"><img loading=\"lazy\" decoding=\"async\" width=\"116\" height=\"113\" data-id=\"313\" src=\"https:\/\/factos.fr\/wp-content\/uploads\/2024\/05\/logoSaintBrice-1.png\" alt=\"\" class=\"wp-image-313\"\/><\/figure>\n\n\n\n<figure class=\"wp-block-image size-full\"><img loading=\"lazy\" decoding=\"async\" width=\"116\" height=\"113\" data-id=\"310\" src=\"https:\/\/factos.fr\/wp-content\/uploads\/2024\/05\/logoAulnay-1.png\" alt=\"\" class=\"wp-image-310\"\/><\/figure>\n\n\n\n<figure class=\"wp-block-image size-full\"><img loading=\"lazy\" decoding=\"async\" width=\"116\" height=\"113\" data-id=\"273\" src=\"https:\/\/factos.fr\/wp-content\/uploads\/2024\/05\/logoENSUP.png\" alt=\"\" class=\"wp-image-273\"\/><\/figure>\n\n\n\n<figure class=\"wp-block-image size-full\"><img loading=\"lazy\" decoding=\"async\" width=\"116\" height=\"113\" data-id=\"316\" src=\"https:\/\/factos.fr\/wp-content\/uploads\/2024\/05\/logoCaissedEpargne-1.png\" alt=\"\" class=\"wp-image-316\"\/><\/figure>\n\n\n\n<figure class=\"wp-block-image size-full\"><img loading=\"lazy\" decoding=\"async\" width=\"116\" height=\"113\" data-id=\"317\" src=\"https:\/\/factos.fr\/wp-content\/uploads\/2024\/05\/logoHautsdeFrance-1.png\" alt=\"\" class=\"wp-image-317\"\/><\/figure>\n\n\n\n<figure class=\"wp-block-image size-large\"><img decoding=\"async\" data-id=\"831\" src=\"https:\/\/factos.fr\/wp-content\/uploads\/2024\/11\/logoIRCEC.png\" alt=\"\" class=\"wp-image-831\"\/><\/figure>\n\n\n\n<figure class=\"wp-block-image size-full\"><img loading=\"lazy\" decoding=\"async\" width=\"116\" height=\"113\" data-id=\"275\" src=\"https:\/\/factos.fr\/wp-content\/uploads\/2024\/05\/logoCHUAmiens.png\" alt=\"\" class=\"wp-image-275\"\/><\/figure>\n\n\n\n<figure class=\"wp-block-image size-large\"><img loading=\"lazy\" decoding=\"async\" width=\"116\" height=\"113\" data-id=\"303\" src=\"https:\/\/factos.fr\/wp-content\/uploads\/2024\/05\/logoAlcatel.png\" alt=\"\" class=\"wp-image-303\"\/><\/figure>\n\n\n\n<figure class=\"wp-block-image size-full is-style-default\"><img loading=\"lazy\" decoding=\"async\" width=\"116\" height=\"113\" data-id=\"265\" src=\"https:\/\/factos.fr\/wp-content\/uploads\/2024\/05\/logoKonicaMinolta.png\" alt=\"\" class=\"wp-image-265\"\/><\/figure>\n\n\n\n<figure class=\"wp-block-image size-full\"><img loading=\"lazy\" decoding=\"async\" width=\"116\" height=\"113\" data-id=\"312\" src=\"https:\/\/factos.fr\/wp-content\/uploads\/2024\/05\/logoUPJV-1.png\" alt=\"\" class=\"wp-image-312\"\/><\/figure>\n\n\n\n<figure class=\"wp-block-image size-full\"><img loading=\"lazy\" decoding=\"async\" width=\"116\" height=\"113\" data-id=\"288\" src=\"https:\/\/factos.fr\/wp-content\/uploads\/2024\/05\/logoFauconnier.png\" alt=\"\" class=\"wp-image-288\"\/><\/figure>\n\n\n\n<figure class=\"wp-block-image size-full\"><img loading=\"lazy\" decoding=\"async\" width=\"116\" height=\"113\" data-id=\"320\" src=\"https:\/\/factos.fr\/wp-content\/uploads\/2024\/05\/logoActemium.png\" alt=\"\" class=\"wp-image-320\"\/><\/figure>\n\n\n\n<figure class=\"wp-block-image size-large\"><img loading=\"lazy\" decoding=\"async\" width=\"116\" height=\"113\" data-id=\"364\" src=\"https:\/\/factos.fr\/wp-content\/uploads\/2024\/06\/LogoCHBeauvais.png\" alt=\"\" class=\"wp-image-364\"\/><\/figure>\n\n\n\n<figure class=\"wp-block-image size-large\"><img loading=\"lazy\" decoding=\"async\" width=\"116\" height=\"113\" data-id=\"829\" src=\"https:\/\/factos.fr\/wp-content\/uploads\/2024\/11\/logoVoixPublique.png\" alt=\"\" class=\"wp-image-829\"\/><\/figure>\n\n\n\n<figure class=\"wp-block-image size-full\"><img loading=\"lazy\" decoding=\"async\" width=\"116\" height=\"113\" data-id=\"314\" src=\"https:\/\/factos.fr\/wp-content\/uploads\/2024\/05\/logoCNAM-1.png\" alt=\"\" class=\"wp-image-314\"\/><\/figure>\n\n\n\n<figure class=\"wp-block-image size-large\"><img decoding=\"async\" data-id=\"830\" src=\"https:\/\/factos.fr\/wp-content\/uploads\/2024\/11\/logoLyreco.png\" alt=\"\" class=\"wp-image-830\"\/><\/figure>\n\n\n\n<figure class=\"wp-block-image size-full\"><img loading=\"lazy\" decoding=\"async\" width=\"116\" height=\"113\" data-id=\"309\" src=\"https:\/\/factos.fr\/wp-content\/uploads\/2024\/05\/logoGeodis-1.png\" alt=\"\" class=\"wp-image-309\"\/><\/figure>\n\n\n\n<figure class=\"wp-block-image size-full\"><img loading=\"lazy\" decoding=\"async\" width=\"116\" height=\"113\" data-id=\"267\" src=\"https:\/\/factos.fr\/wp-content\/uploads\/2024\/05\/logoMinistereAE.png\" alt=\"\" class=\"wp-image-267\"\/><\/figure>\n<\/figure>\n\n\n\n<p><br><a href=\"http:\/\/factos.fr\/\"><mark style=\"background-color:rgba(0, 0, 0, 0)\" class=\"has-inline-color has-black-color\">Factos<\/mark><\/a> \u00a9 2025 &#8211; <a href=\"http:\/\/onedaylab.fr\/index.php\/mentions-legales\/\" data-type=\"link\" data-id=\"http:\/\/onedaylab.fr\/index.php\/mentions-legales\/\"><mark style=\"background-color:rgba(0, 0, 0, 0)\" class=\"has-inline-color has-black-color\">Mentions l\u00e9gales<\/mark><\/a><\/p>\n","protected":false},"excerpt":{"rendered":"<p class=\"qua-blog-post-description\">OneDayLab by FACTOSUn jour pour structurer, d\u00e9cider, avancer. La r\u00e9ponse agile \u00e0 vos enjeux strat\u00e9giques et op\u00e9rationnels Dans un monde qui bouge vite, les entreprises et les \u00e9quipes font face \u00e0 des enjeux complexes\u202f: Vous n\u2019avez pas besoin d\u2019un diagnostic passif ni d\u2019un rapport de 50 pages.Vous avez besoin d\u2019un moment pour trancher, clarifier et<\/p>\n<p class=\"qua-blog-post-description\"><a href=\"https:\/\/onedaylab.fr\/#more-114\" class=\"more-link\">Lire la suite<\/a><\/p>\n","protected":false},"author":1,"featured_media":884,"parent":0,"menu_order":0,"comment_status":"closed","ping_status":"closed","template":"quality-page-builder-default.php","meta":{"footnotes":""},"class_list":["post-114","page","type-page","status-publish","has-post-thumbnail","hentry"],"_links":{"self":[{"href":"https:\/\/onedaylab.fr\/index.php\/wp-json\/wp\/v2\/pages\/114","targetHints":{"allow":["GET"]}}],"collection":[{"href":"https:\/\/onedaylab.fr\/index.php\/wp-json\/wp\/v2\/pages"}],"about":[{"href":"https:\/\/onedaylab.fr\/index.php\/wp-json\/wp\/v2\/types\/page"}],"author":[{"embeddable":true,"href":"https:\/\/onedaylab.fr\/index.php\/wp-json\/wp\/v2\/users\/1"}],"replies":[{"embeddable":true,"href":"https:\/\/onedaylab.fr\/index.php\/wp-json\/wp\/v2\/comments?post=114"}],"version-history":[{"count":51,"href":"https:\/\/onedaylab.fr\/index.php\/wp-json\/wp\/v2\/pages\/114\/revisions"}],"predecessor-version":[{"id":951,"href":"https:\/\/onedaylab.fr\/index.php\/wp-json\/wp\/v2\/pages\/114\/revisions\/951"}],"wp:featuredmedia":[{"embeddable":true,"href":"https:\/\/onedaylab.fr\/index.php\/wp-json\/wp\/v2\/media\/884"}],"wp:attachment":[{"href":"https:\/\/onedaylab.fr\/index.php\/wp-json\/wp\/v2\/media?parent=114"}],"curies":[{"name":"wp","href":"https:\/\/api.w.org\/{rel}","templated":true}]}}